{"id":871,"date":"2016-03-20T16:40:48","date_gmt":"2016-03-20T16:40:48","guid":{"rendered":"http:\/\/mein-camino.de\/?page_id=871"},"modified":"2016-05-02T17:19:26","modified_gmt":"2016-05-02T17:19:26","slug":"ausruestung-at","status":"publish","type":"page","link":"http:\/\/www.mein-camino.de\/?page_id=871","title":{"rendered":"Ausr\u00fcstung AT 2016"},"content":{"rendered":"<p>Hier werde ich langsam mal anfangen und meine Ausr\u00fcstung zu posten. Mich selber Interessiert sowas immer sehr und da bin ich mit Sicherheit nicht alleine. Vielleicht findet der ein oder andere Trekker ja hier noch eine Verbesserung f\u00fcr seine Ausr\u00fcstung oder evtl. dient die Liste ja auch Neueinsteiger sich f\u00fcr Ausr\u00fcstungsgegenst\u00e4nde zu entscheiden.<\/p>\n<p>Es gibt 4 Ausr\u00fcstungsgegenst\u00e4nde, die au jeden Fall dabei sind. Das Zelt \/ Tarp, den Rucksack, den Schlafsack und die Isomatte \/ H\u00e4ngematte. \u00a0 Deswegen beschreibe ich hier erstmal wie ich mich f\u00fcr die 4 Gegenst\u00e4nde entschieden habe.<\/p>\n<p><span style=\"text-decoration: underline;\">Zelt:<\/span><br \/>\nIch habe mich f\u00fcr das <a href=\"http:\/\/www.amazon.com\/Big-Agnes-Creek-Person-Silver\/dp\/B00GSYH5IC\/ref=sr_1_2?ie=UTF8&amp;qid=1458490537&amp;sr=8-2&amp;keywords=Big+Agnes+Fly+Creek+ul2\" target=\"_blank\">Fly Creek UL 2 Person Tent von Big Agnes<\/a> entschieden. Davon habe ich schon in dem ein oder anderen AT Post gelesen und habe es mir in meinem letzten Urlaub in den USA bei <a href=\"https:\/\/www.rei.com\/\" target=\"_blank\">REI<\/a> angeschaut und die haben es mir vor Ort sogar im Laden aufgebaut damit ich es mal ansehen kann. Ich bin zwar alleine, aber bei einem Gewichtsunterschied zum UL 1 von nur 113,75 g bei gerade mal 1.049 g und einem Preisunterschied von 30 $ bei einem Preis von 350 $ habe ich mich f\u00fcr das gr\u00f6\u00dfere entschieden. Immerhin soll es f\u00fcr 3 Monate meine Unterkunft bei schlechtem und gutem Wetter sein. So habe ich immerhin noch Platz um Sachen zu trocknen oder mich einfach mal breit zu machen ohne das ich die W\u00e4nde ber\u00fchre.<\/p>\n<p><span style=\"text-decoration: underline;\">Rucksack:<\/span><br \/>\nIch habe mir in den USA auch gleich noch einen neuen Rucksack gekauft. Der <a href=\"http:\/\/amzn.to\/1pCKNGL\" target=\"_blank\">OSPREY Trekking Rucksack Atmos AG 65<\/a> ist mit seinen 2.200 g ist er kein Leichtgewicht, aber ich habe ihn mit 15 Kg 30 minuten bei REI in den USA probe getragen. Er hat einfach richtig gut zu mir gepasst. Nat\u00fcrlich gibt es diesen Rucksack auch in 50 Liter, aber das war mir zu klein. Ich will nicht jeden Tag alles reinquetschen und dann kein Platz f\u00fcr eine extra Flasche Wasser oder was zu essen haben. Das habe ich 2012 auf meinem Camino Norte gehabt, das fand ich nicht so super. Deswegen habe ich f\u00fcr mich entschieden den gr\u00f6\u00dferen zu nehmen. Reichen w\u00fcrde wohl auch der 50 Liter.<\/p>\n<p><span style=\"text-decoration: underline;\">Update:<\/span><br \/>\nNachdem ich den Rucksack jetzt schon zwei mal probe getragen habe musste ich auch diesen Rucksack pimpen. Nat\u00fcrlich will ich euch jetzt zeigen was mich gest\u00f6rt hat und wie ich es behoben habe.<\/p>\n<p>1. Der Rucksack hat zwei Deckel, die <a href=\"http:\/\/mein-camino.de\/wp-content\/uploads\/2016\/03\/01-1.jpg\" target=\"_blank\"><img loading=\"lazy\" decoding=\"async\" data-attachment-id=\"1051\" data-permalink=\"http:\/\/www.mein-camino.de\/?attachment_id=1051\" data-orig-file=\"http:\/\/www.mein-camino.de\/wp-content\/uploads\/2016\/03\/01-1.jpg\" data-orig-size=\"2336,4160\" data-comments-opened=\"1\" data-image-meta=\"{&quot;aperture&quot;:&quot;2&quot;,&quot;credit&quot;:&quot;&quot;,&quot;camera&quot;:&quot;HUAWEI P7-L10&quot;,&quot;caption&quot;:&quot;&quot;,&quot;created_timestamp&quot;:&quot;1460808844&quot;,&quot;copyright&quot;:&quot;&quot;,&quot;focal_length&quot;:&quot;3.79&quot;,&quot;iso&quot;:&quot;111&quot;,&quot;shutter_speed&quot;:&quot;0.03030303030303&quot;,&quot;title&quot;:&quot;&quot;,&quot;orientation&quot;:&quot;1&quot;}\" data-image-title=\"01\" data-image-description=\"\" data-image-caption=\"\" data-medium-file=\"http:\/\/www.mein-camino.de\/wp-content\/uploads\/2016\/03\/01-1-168x300.jpg\" data-large-file=\"http:\/\/www.mein-camino.de\/wp-content\/uploads\/2016\/03\/01-1-575x1024.jpg\" class=\"alignright wp-image-1051\" src=\"http:\/\/mein-camino.de\/wp-content\/uploads\/2016\/03\/01-1-168x300.jpg\" alt=\"01\" width=\"145\" height=\"259\" srcset=\"http:\/\/www.mein-camino.de\/wp-content\/uploads\/2016\/03\/01-1-168x300.jpg 168w, http:\/\/www.mein-camino.de\/wp-content\/uploads\/2016\/03\/01-1-768x1368.jpg 768w, http:\/\/www.mein-camino.de\/wp-content\/uploads\/2016\/03\/01-1-575x1024.jpg 575w\" sizes=\"(max-width: 145px) 100vw, 145px\" \/><\/a>jeweils eine Buchse auf jeder Seite haben, aber wieso gibt es nur ein Gegenst\u00fcck um nur einen Deckel fest zu machen? Was soll ich mit dem anderen Deckel machen? Also habe ich Osprey angeschrieben und einfach nach 4 Steckverschl\u00fcssen gefragt, da sie spezielle verbaut haben.<\/p>\n<p>&nbsp;<\/p>\n<p>&nbsp;<\/p>\n<p>2. Nach ein paar Tagen habe ich Post<a href=\"http:\/\/mein-camino.de\/wp-content\/uploads\/2016\/03\/02.jpg\" target=\"_blank\"><img loading=\"lazy\" decoding=\"async\" data-attachment-id=\"1046\" data-permalink=\"http:\/\/www.mein-camino.de\/?attachment_id=1046\" data-orig-file=\"http:\/\/www.mein-camino.de\/wp-content\/uploads\/2016\/03\/02.jpg\" data-orig-size=\"1400,1678\" data-comments-opened=\"1\" data-image-meta=\"{&quot;aperture&quot;:&quot;2&quot;,&quot;credit&quot;:&quot;&quot;,&quot;camera&quot;:&quot;HUAWEI P7-L10&quot;,&quot;caption&quot;:&quot;&quot;,&quot;created_timestamp&quot;:&quot;1460808883&quot;,&quot;copyright&quot;:&quot;&quot;,&quot;focal_length&quot;:&quot;3.79&quot;,&quot;iso&quot;:&quot;65&quot;,&quot;shutter_speed&quot;:&quot;0.03030303030303&quot;,&quot;title&quot;:&quot;&quot;,&quot;orientation&quot;:&quot;1&quot;}\" data-image-title=\"02\" data-image-description=\"\" data-image-caption=\"\" data-medium-file=\"http:\/\/www.mein-camino.de\/wp-content\/uploads\/2016\/03\/02-250x300.jpg\" data-large-file=\"http:\/\/www.mein-camino.de\/wp-content\/uploads\/2016\/03\/02-854x1024.jpg\" class=\"alignright wp-image-1046\" src=\"http:\/\/mein-camino.de\/wp-content\/uploads\/2016\/03\/02-150x150.jpg\" alt=\"02\" width=\"145\" height=\"145\" \/><\/a> von Osprey bekommen. Ich habe 4 dieser 20mm Steckverschl\u00fcsse bekommen und sogar 2x 30mm Steckverschl\u00fcsse.<\/p>\n<p>&nbsp;<\/p>\n<p>3. Um meinen Plan umzusetzten<a href=\"http:\/\/mein-camino.de\/wp-content\/uploads\/2016\/03\/03.jpg\" target=\"_blank\"><img loading=\"lazy\" decoding=\"async\" data-attachment-id=\"1047\" data-permalink=\"http:\/\/www.mein-camino.de\/?attachment_id=1047\" data-orig-file=\"http:\/\/www.mein-camino.de\/wp-content\/uploads\/2016\/03\/03.jpg\" data-orig-size=\"1400,1763\" data-comments-opened=\"1\" data-image-meta=\"{&quot;aperture&quot;:&quot;2&quot;,&quot;credit&quot;:&quot;&quot;,&quot;camera&quot;:&quot;HUAWEI P7-L10&quot;,&quot;caption&quot;:&quot;&quot;,&quot;created_timestamp&quot;:&quot;1460808903&quot;,&quot;copyright&quot;:&quot;&quot;,&quot;focal_length&quot;:&quot;3.79&quot;,&quot;iso&quot;:&quot;86&quot;,&quot;shutter_speed&quot;:&quot;0.03030303030303&quot;,&quot;title&quot;:&quot;&quot;,&quot;orientation&quot;:&quot;6&quot;}\" data-image-title=\"03\" data-image-description=\"\" data-image-caption=\"\" data-medium-file=\"http:\/\/www.mein-camino.de\/wp-content\/uploads\/2016\/03\/03-238x300.jpg\" data-large-file=\"http:\/\/www.mein-camino.de\/wp-content\/uploads\/2016\/03\/03-813x1024.jpg\" class=\"alignright wp-image-1047\" src=\"http:\/\/mein-camino.de\/wp-content\/uploads\/2016\/03\/03-238x300.jpg\" alt=\"03\" width=\"145\" height=\"183\" srcset=\"http:\/\/www.mein-camino.de\/wp-content\/uploads\/2016\/03\/03-238x300.jpg 238w, http:\/\/www.mein-camino.de\/wp-content\/uploads\/2016\/03\/03-768x967.jpg 768w, http:\/\/www.mein-camino.de\/wp-content\/uploads\/2016\/03\/03-813x1024.jpg 813w, http:\/\/www.mein-camino.de\/wp-content\/uploads\/2016\/03\/03.jpg 1400w\" sizes=\"(max-width: 145px) 100vw, 145px\" \/><\/a> musste ich noch 1,45\u20ac ausgeben damit die Steckverschl\u00fcsse nicht hin und her rutschen. Nat\u00fcrlich h\u00e4tten es wohl auch Kabelbinder getan, aber so fand ich es &#8222;professioneller&#8220; \ud83d\ude09<\/p>\n<p>&nbsp;<\/p>\n<p>4. Nachdem ich dann 3 Stunden hin und her<a href=\"http:\/\/mein-camino.de\/wp-content\/uploads\/2016\/03\/04.jpg\" target=\"_blank\"><img loading=\"lazy\" decoding=\"async\" data-attachment-id=\"1048\" data-permalink=\"http:\/\/www.mein-camino.de\/?attachment_id=1048\" data-orig-file=\"http:\/\/www.mein-camino.de\/wp-content\/uploads\/2016\/03\/04.jpg\" data-orig-size=\"1845,2090\" data-comments-opened=\"1\" data-image-meta=\"{&quot;aperture&quot;:&quot;2&quot;,&quot;credit&quot;:&quot;&quot;,&quot;camera&quot;:&quot;HUAWEI P7-L10&quot;,&quot;caption&quot;:&quot;&quot;,&quot;created_timestamp&quot;:&quot;1460963796&quot;,&quot;copyright&quot;:&quot;&quot;,&quot;focal_length&quot;:&quot;3.79&quot;,&quot;iso&quot;:&quot;418&quot;,&quot;shutter_speed&quot;:&quot;0.04&quot;,&quot;title&quot;:&quot;&quot;,&quot;orientation&quot;:&quot;1&quot;}\" data-image-title=\"04\" data-image-description=\"\" data-image-caption=\"\" data-medium-file=\"http:\/\/www.mein-camino.de\/wp-content\/uploads\/2016\/03\/04-265x300.jpg\" data-large-file=\"http:\/\/www.mein-camino.de\/wp-content\/uploads\/2016\/03\/04-904x1024.jpg\" class=\"alignright wp-image-1048\" src=\"http:\/\/mein-camino.de\/wp-content\/uploads\/2016\/03\/04-265x300.jpg\" alt=\"04\" width=\"145\" height=\"164\" srcset=\"http:\/\/www.mein-camino.de\/wp-content\/uploads\/2016\/03\/04-265x300.jpg 265w, http:\/\/www.mein-camino.de\/wp-content\/uploads\/2016\/03\/04-768x870.jpg 768w, http:\/\/www.mein-camino.de\/wp-content\/uploads\/2016\/03\/04-904x1024.jpg 904w, http:\/\/www.mein-camino.de\/wp-content\/uploads\/2016\/03\/04.jpg 1845w\" sizes=\"(max-width: 145px) 100vw, 145px\" \/><\/a> \u00fcberlegt und Probiert habe bin ich jetzt zu <span style=\"text-decoration: underline;\">meiner<\/span> L\u00f6sung gekommen. Evtl werde ich die Gurtf\u00fchrung noch an einer Stelle \u00e4ndern, aber das dauert nur eine Minute pro Seite.<\/p>\n<p>&nbsp;<\/p>\n<p><span style=\"text-decoration: underline;\">Schlafsack:<\/span><br \/>\nJetzt habe ich mich entschieden, ich werde mir nach vielem Lesen, verfolgen von Blogs und vergleichen von Testberichten einen Kunstfaserschlafsack bestellen. Da ich ja nicht in der Winterzeit unterwechs bin, so wie die, die den AT in einem St\u00fcck gehe, sondern nur in der Sommerzeit bin ich auf einige Kunstfaserschlafs\u00e4cke gesto\u00dfen die recht leicht und nicht zu teuer sind. In den kommenden Tagen sollte mich der<a href=\"http:\/\/amzn.to\/1SpCwwn\" target=\"_blank\"> Robens Carpathian 1000<\/a> erreichen. Der Sachlafsack wiegt gerade mal 1.000g (laut Hersteller), 1.106g gewogen und hat echt gute Isolationswerte. Mal sehen wie der Schafsack so ist. Aber die Rezessionen sind nicht schlecht.<\/p>\n<p><span style=\"text-decoration: underline;\">Isomatte:<\/span><br \/>\nDie Isomatte habe ich mir schon im Fr\u00fchjahr 2015 gekauft. Da hatte ich schon meinen Traum vom AT und habe angefangen mich auszur\u00fcsten. Zum Ausprobieren habe ich dann eine Woche auf dem Rheinsteig verbracht und bin da von Campingplatz zu Campingplatz gewandert. Viele Sachen habe ich ausprobiert und dabei war auch die <a href=\"http:\/\/amzn.to\/1pD0kGh\" target=\"_blank\">Thermarest NeoAir XTherm Isomatte<\/a>. Ich habe darauf echt super geschlafen und wird mich deswegen begleiten.<\/p>\n<p>Wichtig ist das man sein Equipment vor dem Fernwanderweg ausprobiert. Durch nur eine Woche auf dem Rheinsteig habe ich mich gegen mein altes Zelt und meinen alten Rucksack entschieden.<\/p>\n<p>&nbsp;<\/p>\n","protected":false},"excerpt":{"rendered":"<p>Hier werde ich langsam mal anfangen und meine Ausr\u00fcstung zu posten. Mich selber Interessiert sowas immer sehr und da bin ich mit Sicherheit nicht alleine. Vielleicht findet der ein oder andere Trekker ja hier noch eine Verbesserung f\u00fcr seine Ausr\u00fcstung oder evtl. dient die Liste ja auch Neueinsteiger sich f\u00fcr Ausr\u00fcstungsgegenst\u00e4nde zu entscheiden. Es gibt &hellip; <a href=\"http:\/\/www.mein-camino.de\/?page_id=871\" class=\"more-link\"><span class=\"screen-reader-text\">Ausr\u00fcstung AT 2016<\/span> weiterlesen <span class=\"meta-nav\">&rarr;<\/span><\/a><\/p>\n","protected":false},"author":1,"featured_media":0,"parent":0,"menu_order":0,"comment_status":"closed","ping_status":"closed","template":"","meta":{"jetpack_post_was_ever_published":false,"footnotes":""},"aioseo_notices":[],"jetpack_sharing_enabled":true,"jetpack_shortlink":"https:\/\/wp.me\/P7fL4A-e3","jetpack-related-posts":[],"_links":{"self":[{"href":"http:\/\/www.mein-camino.de\/index.php?rest_route=\/wp\/v2\/pages\/871"}],"collection":[{"href":"http:\/\/www.mein-camino.de\/index.php?rest_route=\/wp\/v2\/pages"}],"about":[{"href":"http:\/\/www.mein-camino.de\/index.php?rest_route=\/wp\/v2\/types\/page"}],"author":[{"embeddable":true,"href":"http:\/\/www.mein-camino.de\/index.php?rest_route=\/wp\/v2\/users\/1"}],"replies":[{"embeddable":true,"href":"http:\/\/www.mein-camino.de\/index.php?rest_route=%2Fwp%2Fv2%2Fcomments&post=871"}],"version-history":[{"count":12,"href":"http:\/\/www.mein-camino.de\/index.php?rest_route=\/wp\/v2\/pages\/871\/revisions"}],"predecessor-version":[{"id":1072,"href":"http:\/\/www.mein-camino.de\/index.php?rest_route=\/wp\/v2\/pages\/871\/revisions\/1072"}],"wp:attachment":[{"href":"http:\/\/www.mein-camino.de\/index.php?rest_route=%2Fwp%2Fv2%2Fmedia&parent=871"}],"curies":[{"name":"wp","href":"https:\/\/api.w.org\/{rel}","templated":true}]}}