{"id":798,"date":"2016-03-11T10:40:22","date_gmt":"2016-03-11T10:40:22","guid":{"rendered":"http:\/\/mein-camino.de\/?page_id=798"},"modified":"2016-04-10T19:37:42","modified_gmt":"2016-04-10T19:37:42","slug":"11-tag-dienstag-16-04-2013","status":"publish","type":"page","link":"http:\/\/www.mein-camino.de\/?page_id=798","title":{"rendered":"11. Tag \u2013 Dienstag 16.04.2013"},"content":{"rendered":"<p><a href=\"http:\/\/mein-camino.de\/?page_id=801\"><img loading=\"lazy\" decoding=\"async\" data-attachment-id=\"666\" data-permalink=\"http:\/\/www.mein-camino.de\/?attachment_id=666\" data-orig-file=\"http:\/\/www.mein-camino.de\/wp-content\/uploads\/2016\/03\/weiter.jpg\" data-orig-size=\"100,25\" data-comments-opened=\"1\" data-image-meta=\"{&quot;aperture&quot;:&quot;4.1&quot;,&quot;credit&quot;:&quot;&quot;,&quot;camera&quot;:&quot;Fujifilm A220 A230&quot;,&quot;caption&quot;:&quot;&quot;,&quot;created_timestamp&quot;:&quot;1272012129&quot;,&quot;copyright&quot;:&quot;&quot;,&quot;focal_length&quot;:&quot;11&quot;,&quot;iso&quot;:&quot;250&quot;,&quot;shutter_speed&quot;:&quot;0.0125&quot;,&quot;title&quot;:&quot;&quot;,&quot;orientation&quot;:&quot;1&quot;}\" data-image-title=\"weiter\" data-image-description=\"\" data-image-caption=\"\" data-medium-file=\"http:\/\/www.mein-camino.de\/wp-content\/uploads\/2016\/03\/weiter.jpg\" data-large-file=\"http:\/\/www.mein-camino.de\/wp-content\/uploads\/2016\/03\/weiter.jpg\" class=\"alignright wp-image-666 size-full\" src=\"http:\/\/mein-camino.de\/wp-content\/uploads\/2016\/03\/weiter.jpg\" alt=\"weiter\" width=\"100\" height=\"25\" \/><\/a><\/p>\n<p><a href=\"http:\/\/www.gpsies.com\/map.do?fileId=rmrqgryofkgbqebw\" target=\"_blank\"><img loading=\"lazy\" decoding=\"async\" data-attachment-id=\"715\" data-permalink=\"http:\/\/www.mein-camino.de\/?attachment_id=715\" data-orig-file=\"http:\/\/www.mein-camino.de\/wp-content\/uploads\/2016\/03\/Bild11.jpg\" data-orig-size=\"914,609\" data-comments-opened=\"1\" data-image-meta=\"{&quot;aperture&quot;:&quot;0&quot;,&quot;credit&quot;:&quot;&quot;,&quot;camera&quot;:&quot;&quot;,&quot;caption&quot;:&quot;&quot;,&quot;created_timestamp&quot;:&quot;0&quot;,&quot;copyright&quot;:&quot;&quot;,&quot;focal_length&quot;:&quot;0&quot;,&quot;iso&quot;:&quot;0&quot;,&quot;shutter_speed&quot;:&quot;0&quot;,&quot;title&quot;:&quot;&quot;,&quot;orientation&quot;:&quot;0&quot;}\" data-image-title=\"Bild11\" data-image-description=\"\" data-image-caption=\"\" data-medium-file=\"http:\/\/www.mein-camino.de\/wp-content\/uploads\/2016\/03\/Bild11-300x200.jpg\" data-large-file=\"http:\/\/www.mein-camino.de\/wp-content\/uploads\/2016\/03\/Bild11.jpg\" class=\"aligncenter wp-image-715\" src=\"http:\/\/mein-camino.de\/wp-content\/uploads\/2016\/03\/Bild11.jpg\" alt=\"Bild11\" width=\"600\" height=\"400\" srcset=\"http:\/\/www.mein-camino.de\/wp-content\/uploads\/2016\/03\/Bild11.jpg 914w, http:\/\/www.mein-camino.de\/wp-content\/uploads\/2016\/03\/Bild11-300x200.jpg 300w, http:\/\/www.mein-camino.de\/wp-content\/uploads\/2016\/03\/Bild11-768x512.jpg 768w\" sizes=\"(max-width: 600px) 100vw, 600px\" \/><\/a><\/p>\n<p>Von Villalc\u00e1zar de Sirga nach San Nicol\u00e1s geht es \u00fcber eine Stra\u00dfe die viele Leute gerne als H\u00f6lle bezeichnen. Es ist sehr warm auf dem Weg und es gibt keine B\u00e4ume die Schatten spenden k\u00f6nnen. Aber ich fand den Weg einfach gut. Weit zu gehen und kein einziges Auto.<\/p>\n<p><span class=\"embed-youtube\" style=\"text-align:center; display: block;\"><iframe loading=\"lazy\" class=\"youtube-player\" width=\"474\" height=\"267\" src=\"https:\/\/www.youtube.com\/embed\/m4X74MD5wII?version=3&#038;rel=1&#038;showsearch=0&#038;showinfo=1&#038;iv_load_policy=1&#038;fs=1&#038;hl=de-DE&#038;autohide=2&#038;wmode=transparent\" allowfullscreen=\"true\" style=\"border:0;\" sandbox=\"allow-scripts allow-same-origin allow-popups allow-presentation allow-popups-to-escape-sandbox\"><\/iframe><\/span><\/p>\n","protected":false},"excerpt":{"rendered":"<p>Von Villalc\u00e1zar de Sirga nach San Nicol\u00e1s geht es \u00fcber eine Stra\u00dfe die viele Leute gerne als H\u00f6lle bezeichnen. Es ist sehr warm auf dem Weg und es gibt keine B\u00e4ume die Schatten spenden k\u00f6nnen. Aber ich fand den Weg einfach gut. Weit zu gehen und kein einziges Auto.<\/p>\n","protected":false},"author":1,"featured_media":0,"parent":0,"menu_order":0,"comment_status":"closed","ping_status":"closed","template":"","meta":{"jetpack_post_was_ever_published":false,"footnotes":""},"aioseo_notices":[],"jetpack_sharing_enabled":true,"jetpack_shortlink":"https:\/\/wp.me\/P7fL4A-cS","jetpack-related-posts":[],"_links":{"self":[{"href":"http:\/\/www.mein-camino.de\/index.php?rest_route=\/wp\/v2\/pages\/798"}],"collection":[{"href":"http:\/\/www.mein-camino.de\/index.php?rest_route=\/wp\/v2\/pages"}],"about":[{"href":"http:\/\/www.mein-camino.de\/index.php?rest_route=\/wp\/v2\/types\/page"}],"author":[{"embeddable":true,"href":"http:\/\/www.mein-camino.de\/index.php?rest_route=\/wp\/v2\/users\/1"}],"replies":[{"embeddable":true,"href":"http:\/\/www.mein-camino.de\/index.php?rest_route=%2Fwp%2Fv2%2Fcomments&post=798"}],"version-history":[{"count":4,"href":"http:\/\/www.mein-camino.de\/index.php?rest_route=\/wp\/v2\/pages\/798\/revisions"}],"predecessor-version":[{"id":952,"href":"http:\/\/www.mein-camino.de\/index.php?rest_route=\/wp\/v2\/pages\/798\/revisions\/952"}],"wp:attachment":[{"href":"http:\/\/www.mein-camino.de\/index.php?rest_route=%2Fwp%2Fv2%2Fmedia&parent=798"}],"curies":[{"name":"wp","href":"https:\/\/api.w.org\/{rel}","templated":true}]}}