{"id":788,"date":"2016-03-11T10:31:46","date_gmt":"2016-03-11T10:31:46","guid":{"rendered":"http:\/\/mein-camino.de\/?page_id=788"},"modified":"2016-04-10T18:54:01","modified_gmt":"2016-04-10T18:54:01","slug":"8-tag-samstag-13-04-2013","status":"publish","type":"page","link":"http:\/\/www.mein-camino.de\/?page_id=788","title":{"rendered":"8. Tag \u2013 Samstag 13.04.2013"},"content":{"rendered":"<p><a href=\"http:\/\/mein-camino.de\/?page_id=791\"><img loading=\"lazy\" decoding=\"async\" data-attachment-id=\"666\" data-permalink=\"http:\/\/www.mein-camino.de\/?attachment_id=666\" data-orig-file=\"http:\/\/www.mein-camino.de\/wp-content\/uploads\/2016\/03\/weiter.jpg\" data-orig-size=\"100,25\" data-comments-opened=\"1\" data-image-meta=\"{&quot;aperture&quot;:&quot;4.1&quot;,&quot;credit&quot;:&quot;&quot;,&quot;camera&quot;:&quot;Fujifilm A220 A230&quot;,&quot;caption&quot;:&quot;&quot;,&quot;created_timestamp&quot;:&quot;1272012129&quot;,&quot;copyright&quot;:&quot;&quot;,&quot;focal_length&quot;:&quot;11&quot;,&quot;iso&quot;:&quot;250&quot;,&quot;shutter_speed&quot;:&quot;0.0125&quot;,&quot;title&quot;:&quot;&quot;,&quot;orientation&quot;:&quot;1&quot;}\" data-image-title=\"weiter\" data-image-description=\"\" data-image-caption=\"\" data-medium-file=\"http:\/\/www.mein-camino.de\/wp-content\/uploads\/2016\/03\/weiter.jpg\" data-large-file=\"http:\/\/www.mein-camino.de\/wp-content\/uploads\/2016\/03\/weiter.jpg\" class=\"alignright wp-image-666 size-full\" src=\"http:\/\/mein-camino.de\/wp-content\/uploads\/2016\/03\/weiter.jpg\" alt=\"weiter\" width=\"100\" height=\"25\" \/><\/a><\/p>\n<p><a href=\"http:\/\/www.gpsies.com\/map.do?fileId=rjqtnrzuvgvdpoxk\" target=\"_blank\"><img loading=\"lazy\" decoding=\"async\" data-attachment-id=\"712\" data-permalink=\"http:\/\/www.mein-camino.de\/?attachment_id=712\" data-orig-file=\"http:\/\/www.mein-camino.de\/wp-content\/uploads\/2016\/03\/Bild08.jpg\" data-orig-size=\"914,609\" data-comments-opened=\"1\" data-image-meta=\"{&quot;aperture&quot;:&quot;0&quot;,&quot;credit&quot;:&quot;&quot;,&quot;camera&quot;:&quot;&quot;,&quot;caption&quot;:&quot;&quot;,&quot;created_timestamp&quot;:&quot;0&quot;,&quot;copyright&quot;:&quot;&quot;,&quot;focal_length&quot;:&quot;0&quot;,&quot;iso&quot;:&quot;0&quot;,&quot;shutter_speed&quot;:&quot;0&quot;,&quot;title&quot;:&quot;&quot;,&quot;orientation&quot;:&quot;0&quot;}\" data-image-title=\"Bild08\" data-image-description=\"\" data-image-caption=\"\" data-medium-file=\"http:\/\/www.mein-camino.de\/wp-content\/uploads\/2016\/03\/Bild08-300x200.jpg\" data-large-file=\"http:\/\/www.mein-camino.de\/wp-content\/uploads\/2016\/03\/Bild08.jpg\" class=\"aligncenter wp-image-712\" src=\"http:\/\/mein-camino.de\/wp-content\/uploads\/2016\/03\/Bild08.jpg\" alt=\"Bild08\" width=\"600\" height=\"400\" srcset=\"http:\/\/www.mein-camino.de\/wp-content\/uploads\/2016\/03\/Bild08.jpg 914w, http:\/\/www.mein-camino.de\/wp-content\/uploads\/2016\/03\/Bild08-300x200.jpg 300w, http:\/\/www.mein-camino.de\/wp-content\/uploads\/2016\/03\/Bild08-768x512.jpg 768w\" sizes=\"(max-width: 600px) 100vw, 600px\" \/><\/a><\/p>\n<p>An diesem Tag wollte ich unbedingt bis nach Burgos gehen. Ich habe 2010 in der st\u00e4dtischen Herberge in Burgos geschlafen und ich wollte da wieder hin. Sie ist sauber, g\u00fcnstig und bietet sogar ein bisschen Privatsph\u00e4re. Ausserdem ist man direkt an der Kathedrale.<\/p>\n<p><span class=\"embed-youtube\" style=\"text-align:center; display: block;\"><iframe loading=\"lazy\" class=\"youtube-player\" width=\"474\" height=\"267\" src=\"https:\/\/www.youtube.com\/embed\/nbrVkCizqYo?version=3&#038;rel=1&#038;showsearch=0&#038;showinfo=1&#038;iv_load_policy=1&#038;fs=1&#038;hl=de-DE&#038;autohide=2&#038;wmode=transparent\" allowfullscreen=\"true\" style=\"border:0;\" sandbox=\"allow-scripts allow-same-origin allow-popups allow-presentation allow-popups-to-escape-sandbox\"><\/iframe><\/span><\/p>\n","protected":false},"excerpt":{"rendered":"<p>An diesem Tag wollte ich unbedingt bis nach Burgos gehen. Ich habe 2010 in der st\u00e4dtischen Herberge in Burgos geschlafen und ich wollte da wieder hin. Sie ist sauber, g\u00fcnstig und bietet sogar ein bisschen Privatsph\u00e4re. Ausserdem ist man direkt an der Kathedrale.<\/p>\n","protected":false},"author":1,"featured_media":0,"parent":0,"menu_order":0,"comment_status":"closed","ping_status":"closed","template":"","meta":{"jetpack_post_was_ever_published":false,"footnotes":""},"aioseo_notices":[],"jetpack_sharing_enabled":true,"jetpack_shortlink":"https:\/\/wp.me\/P7fL4A-cI","jetpack-related-posts":[],"_links":{"self":[{"href":"http:\/\/www.mein-camino.de\/index.php?rest_route=\/wp\/v2\/pages\/788"}],"collection":[{"href":"http:\/\/www.mein-camino.de\/index.php?rest_route=\/wp\/v2\/pages"}],"about":[{"href":"http:\/\/www.mein-camino.de\/index.php?rest_route=\/wp\/v2\/types\/page"}],"author":[{"embeddable":true,"href":"http:\/\/www.mein-camino.de\/index.php?rest_route=\/wp\/v2\/users\/1"}],"replies":[{"embeddable":true,"href":"http:\/\/www.mein-camino.de\/index.php?rest_route=%2Fwp%2Fv2%2Fcomments&post=788"}],"version-history":[{"count":4,"href":"http:\/\/www.mein-camino.de\/index.php?rest_route=\/wp\/v2\/pages\/788\/revisions"}],"predecessor-version":[{"id":945,"href":"http:\/\/www.mein-camino.de\/index.php?rest_route=\/wp\/v2\/pages\/788\/revisions\/945"}],"wp:attachment":[{"href":"http:\/\/www.mein-camino.de\/index.php?rest_route=%2Fwp%2Fv2%2Fmedia&parent=788"}],"curies":[{"name":"wp","href":"https:\/\/api.w.org\/{rel}","templated":true}]}}