{"id":486,"date":"2016-03-08T01:58:16","date_gmt":"2016-03-08T01:58:16","guid":{"rendered":"http:\/\/mein-camino.de\/?page_id=486"},"modified":"2016-03-11T13:16:24","modified_gmt":"2016-03-11T13:16:24","slug":"2-woche","status":"publish","type":"page","link":"http:\/\/www.mein-camino.de\/?page_id=486","title":{"rendered":"2. Woche 2013"},"content":{"rendered":"<p><a href=\"http:\/\/mein-camino.de\/?page_id=788\">8. Tag &#8211; Samstag 13.04.2013 &#8211; 39,06km<\/a><br \/>\n<a href=\"http:\/\/mein-camino.de\/?page_id=788\"> Villafranca Montes de Oca &#8211; Burgos<\/a><\/p>\n<p><a href=\"http:\/\/mein-camino.de\/?page_id=791\">9. Tag &#8211; Sonntag 14.04.2013 &#8211; 40,50km<\/a><br \/>\n<a href=\"http:\/\/mein-camino.de\/?page_id=791\"> Burgos &#8211; Castrojeriz<\/a><\/p>\n<p><a href=\"http:\/\/mein-camino.de\/?page_id=795\">10. Tag &#8211; Montag 15.04.2013 &#8211; 38,26km<\/a><br \/>\n<a href=\"http:\/\/mein-camino.de\/?page_id=795\"> Castrojeriz &#8211; Villalc\u00e1zar de Sirga<\/a><\/p>\n<p><a href=\"http:\/\/mein-camino.de\/?page_id=798\">11. Tag &#8211; Dienstag 16.04.2013 &#8211; 37,77km<\/a><br \/>\n<a href=\"http:\/\/mein-camino.de\/?page_id=798\"> Villalc\u00e1zar de Sirga &#8211; San Nicol\u00e1s<\/a><\/p>\n<p><a href=\"http:\/\/mein-camino.de\/?page_id=801\">12. Tag &#8211; Mittwoch 17.04.2013 &#8211; 43,35km<\/a><br \/>\n<a href=\"http:\/\/mein-camino.de\/?page_id=801\"> San Nicol\u00e1s &#8211; Mansilla da las Mulas<\/a><\/p>\n<p><a href=\"http:\/\/mein-camino.de\/?page_id=804\">13. Tag &#8211; Donnerstag 18.04.2013 &#8211; 40,51km<\/a><br \/>\n<a href=\"http:\/\/mein-camino.de\/?page_id=804\"> Mansilla da las Mulas &#8211; Villar de Mazarife<\/a><\/p>\n<p><a href=\"http:\/\/mein-camino.de\/?page_id=807\">14. Tag &#8211; Freitag 19.04.2013 &#8211; 38,59km<\/a><br \/>\n<a href=\"http:\/\/mein-camino.de\/?page_id=807\"> Villar de Mazarife &#8211; Santa Catalina de Somoza<\/a><\/p>\n","protected":false},"excerpt":{"rendered":"<p>8. Tag &#8211; Samstag 13.04.2013 &#8211; 39,06km Villafranca Montes de Oca &#8211; Burgos 9. Tag &#8211; Sonntag 14.04.2013 &#8211; 40,50km Burgos &#8211; Castrojeriz 10. Tag &#8211; Montag 15.04.2013 &#8211; 38,26km Castrojeriz &#8211; Villalc\u00e1zar de Sirga 11. Tag &#8211; Dienstag 16.04.2013 &#8211; 37,77km Villalc\u00e1zar de Sirga &#8211; San Nicol\u00e1s 12. Tag &#8211; Mittwoch 17.04.2013 &#8211; 43,35km &hellip; <a href=\"http:\/\/www.mein-camino.de\/?page_id=486\" class=\"more-link\"><span class=\"screen-reader-text\">2. Woche 2013<\/span> weiterlesen <span class=\"meta-nav\">&rarr;<\/span><\/a><\/p>\n","protected":false},"author":1,"featured_media":0,"parent":480,"menu_order":2,"comment_status":"closed","ping_status":"closed","template":"","meta":{"jetpack_post_was_ever_published":false,"footnotes":""},"aioseo_notices":[],"jetpack_sharing_enabled":true,"jetpack_shortlink":"https:\/\/wp.me\/P7fL4A-7Q","jetpack-related-posts":[],"_links":{"self":[{"href":"http:\/\/www.mein-camino.de\/index.php?rest_route=\/wp\/v2\/pages\/486"}],"collection":[{"href":"http:\/\/www.mein-camino.de\/index.php?rest_route=\/wp\/v2\/pages"}],"about":[{"href":"http:\/\/www.mein-camino.de\/index.php?rest_route=\/wp\/v2\/types\/page"}],"author":[{"embeddable":true,"href":"http:\/\/www.mein-camino.de\/index.php?rest_route=\/wp\/v2\/users\/1"}],"replies":[{"embeddable":true,"href":"http:\/\/www.mein-camino.de\/index.php?rest_route=%2Fwp%2Fv2%2Fcomments&post=486"}],"version-history":[{"count":2,"href":"http:\/\/www.mein-camino.de\/index.php?rest_route=\/wp\/v2\/pages\/486\/revisions"}],"predecessor-version":[{"id":840,"href":"http:\/\/www.mein-camino.de\/index.php?rest_route=\/wp\/v2\/pages\/486\/revisions\/840"}],"up":[{"embeddable":true,"href":"http:\/\/www.mein-camino.de\/index.php?rest_route=\/wp\/v2\/pages\/480"}],"wp:attachment":[{"href":"http:\/\/www.mein-camino.de\/index.php?rest_route=%2Fwp%2Fv2%2Fmedia&parent=486"}],"curies":[{"name":"wp","href":"https:\/\/api.w.org\/{rel}","templated":true}]}}