{"id":18,"date":"2016-01-04T20:39:47","date_gmt":"2016-01-04T20:39:47","guid":{"rendered":"http:\/\/mein-camino.de\/?page_id=18"},"modified":"2016-03-11T20:27:43","modified_gmt":"2016-03-11T20:27:43","slug":"2010-anreise","status":"publish","type":"page","link":"http:\/\/www.mein-camino.de\/?page_id=18","title":{"rendered":"Anreise 2010"},"content":{"rendered":"<p><span style=\"font-family: Lucida Handwriting;\">So, die Anreise ist auch geplant und alle Tickets habe ich auch.<\/span><\/p>\n<p>Ich werde von meinem Heimatort nach D\u00fcsseldorf von meiner Freundin gefahren. Der Flug geht von D\u00fcsseldorf (06:30 Uhr) nach Bilbao (08:40 Uhr). Ich habe den Flug \u00fcber <a href=\"http:\/\/www.airberlin.com\">Airberlin<\/a> gebucht.<\/p>\n<p>Von Bilbao (11:00 Uhr) werde ich dann mit dem Busunternehmen <a href=\"http:\/\/www.alsa.es\" target=\"new\">Alsa<\/a> nach Irun (12:40 Uhr) fahren.<\/p>\n<p>In Irun werde ich dann mal sehen ob ich zufuss oder mit dem Taxi zum Bahnhof nach Hendaye gehe\/fahre.<\/p>\n<p>In Hendaye (13:57 Uhr) werde ich dann in den Zug von <a href=\"http:\/\/www.tgv-europe.de\" target=\"new\">TGV<\/a> einsteigen und bis nach Bayonne (14:36 Uhr) fahren. Da noch eben in den Bus (15:09 Uhr) und ab nach Saint Jean Pied de Port (16:30 Uhr). (Hendaye &#8211; SJPDP kann direkt gebucht werden)<\/p>\n<p><u>Flug:<\/u><br \/>\nD\u00fcsseldorf 06:30 &#8211; Bilbao 08:40 <a href=\"http:\/\/www.airberlin.com\" target=\"new\">Airberlin<\/a><\/p>\n<p><u>Bus:<\/u><br \/>\nBilbao 11:00 &#8211; Irun 12:40 <a href=\"http:\/\/www.alsa.es\" target=\"new\">Alsa<\/a><\/p>\n<p><u>Zug:<\/u><br \/>\nHendaye 13:57 &#8211; Bayonne 14:36 <a href=\"http:\/\/www.tgv-europe.de\" target=\"new\">TGV<\/a><\/p>\n<p><u>Bus:<\/u><br \/>\nBayonne 15:09 &#8211; Saint Jean Pied de Port 16:30 <a href=\"http:\/\/www.tgv-europe.de\" target=\"new\">TGV<\/a><\/p>\n","protected":false},"excerpt":{"rendered":"<p>So, die Anreise ist auch geplant und alle Tickets habe ich auch. Ich werde von meinem Heimatort nach D\u00fcsseldorf von meiner Freundin gefahren. Der Flug geht von D\u00fcsseldorf (06:30 Uhr) nach Bilbao (08:40 Uhr). Ich habe den Flug \u00fcber Airberlin gebucht. Von Bilbao (11:00 Uhr) werde ich dann mit dem Busunternehmen Alsa nach Irun (12:40 &hellip; <a href=\"http:\/\/www.mein-camino.de\/?page_id=18\" class=\"more-link\"><span class=\"screen-reader-text\">Anreise 2010<\/span> weiterlesen <span class=\"meta-nav\">&rarr;<\/span><\/a><\/p>\n","protected":false},"author":1,"featured_media":0,"parent":9,"menu_order":0,"comment_status":"closed","ping_status":"closed","template":"page-templates\/full-width.php","meta":{"jetpack_post_was_ever_published":false,"footnotes":""},"aioseo_notices":[],"jetpack_sharing_enabled":true,"jetpack_shortlink":"https:\/\/wp.me\/P7fL4A-i","jetpack-related-posts":[],"_links":{"self":[{"href":"http:\/\/www.mein-camino.de\/index.php?rest_route=\/wp\/v2\/pages\/18"}],"collection":[{"href":"http:\/\/www.mein-camino.de\/index.php?rest_route=\/wp\/v2\/pages"}],"about":[{"href":"http:\/\/www.mein-camino.de\/index.php?rest_route=\/wp\/v2\/types\/page"}],"author":[{"embeddable":true,"href":"http:\/\/www.mein-camino.de\/index.php?rest_route=\/wp\/v2\/users\/1"}],"replies":[{"embeddable":true,"href":"http:\/\/www.mein-camino.de\/index.php?rest_route=%2Fwp%2Fv2%2Fcomments&post=18"}],"version-history":[{"count":2,"href":"http:\/\/www.mein-camino.de\/index.php?rest_route=\/wp\/v2\/pages\/18\/revisions"}],"predecessor-version":[{"id":846,"href":"http:\/\/www.mein-camino.de\/index.php?rest_route=\/wp\/v2\/pages\/18\/revisions\/846"}],"up":[{"embeddable":true,"href":"http:\/\/www.mein-camino.de\/index.php?rest_route=\/wp\/v2\/pages\/9"}],"wp:attachment":[{"href":"http:\/\/www.mein-camino.de\/index.php?rest_route=%2Fwp%2Fv2%2Fmedia&parent=18"}],"curies":[{"name":"wp","href":"https:\/\/api.w.org\/{rel}","templated":true}]}}