{"id":15,"date":"2016-01-04T20:33:51","date_gmt":"2016-01-04T20:33:51","guid":{"rendered":"http:\/\/mein-camino.de\/?page_id=15"},"modified":"2016-03-16T17:42:33","modified_gmt":"2016-03-16T17:42:33","slug":"camino-frances-2013","status":"publish","type":"page","link":"http:\/\/www.mein-camino.de\/?page_id=15","title":{"rendered":"Camino Frances 2013"},"content":{"rendered":"<p>Als ich 2012 den Camino Norte aus famili\u00e4ren Gr\u00fcnden abgebrochen habe war mir schon klar das ich in k\u00fcrze wieder auf dem Weg sein werde. Da mir der Norte nicht so gut gefallen hat wie der Frances, habe ich mich f\u00fcr 2013 f\u00fcr den Frances entschieden.<\/p>\n","protected":false},"excerpt":{"rendered":"<p>Als ich 2012 den Camino Norte aus famili\u00e4ren Gr\u00fcnden abgebrochen habe war mir schon klar das ich in k\u00fcrze wieder auf dem Weg sein werde. Da mir der Norte nicht so gut gefallen hat wie der Frances, habe ich mich f\u00fcr 2013 f\u00fcr den Frances entschieden.<\/p>\n","protected":false},"author":1,"featured_media":0,"parent":0,"menu_order":7,"comment_status":"closed","ping_status":"closed","template":"","meta":{"jetpack_post_was_ever_published":false,"footnotes":""},"aioseo_notices":[],"jetpack_sharing_enabled":true,"jetpack_shortlink":"https:\/\/wp.me\/P7fL4A-f","jetpack-related-posts":[],"_links":{"self":[{"href":"http:\/\/www.mein-camino.de\/index.php?rest_route=\/wp\/v2\/pages\/15"}],"collection":[{"href":"http:\/\/www.mein-camino.de\/index.php?rest_route=\/wp\/v2\/pages"}],"about":[{"href":"http:\/\/www.mein-camino.de\/index.php?rest_route=\/wp\/v2\/types\/page"}],"author":[{"embeddable":true,"href":"http:\/\/www.mein-camino.de\/index.php?rest_route=\/wp\/v2\/users\/1"}],"replies":[{"embeddable":true,"href":"http:\/\/www.mein-camino.de\/index.php?rest_route=%2Fwp%2Fv2%2Fcomments&post=15"}],"version-history":[{"count":3,"href":"http:\/\/www.mein-camino.de\/index.php?rest_route=\/wp\/v2\/pages\/15\/revisions"}],"predecessor-version":[{"id":857,"href":"http:\/\/www.mein-camino.de\/index.php?rest_route=\/wp\/v2\/pages\/15\/revisions\/857"}],"wp:attachment":[{"href":"http:\/\/www.mein-camino.de\/index.php?rest_route=%2Fwp%2Fv2%2Fmedia&parent=15"}],"curies":[{"name":"wp","href":"https:\/\/api.w.org\/{rel}","templated":true}]}}