{"id":124,"date":"2016-02-21T09:58:22","date_gmt":"2016-02-21T09:58:22","guid":{"rendered":"http:\/\/mein-camino.de\/?page_id=124"},"modified":"2016-02-21T09:58:22","modified_gmt":"2016-02-21T09:58:22","slug":"training","status":"publish","type":"page","link":"http:\/\/www.mein-camino.de\/?page_id=124","title":{"rendered":"Training"},"content":{"rendered":"<p style=\"text-align: center;\"><span style=\"font-family: Lucida Handwriting;\"><span class=\"Normal-C0\">Ich bin jetzt dabei ein bisschen zu trainieren, um nicht gleich am ersten Tag eine Pause einlegen zu m\u00fcssen<\/span><\/span><\/p>\n<p><a href=\"http:\/\/mein-camino.de\/wp-content\/uploads\/2016\/02\/004.jpg\" target=\"_blank\"><img loading=\"lazy\" decoding=\"async\" class=\"aligncenter wp-image-125 size-medium\" src=\"http:\/\/mein-camino.de\/wp-content\/uploads\/2016\/02\/004-300x225.jpg\" alt=\"004\" width=\"300\" height=\"225\" \/><\/a><\/p>\n<p><span style=\"font-family: Lucida Handwriting;\">Scheiss Wetter, aber da ich ja im April gehen will,<br \/>\nmuss ich auch mit solchem Wetter rechnen<\/span><\/p>\n<p><a href=\"http:\/\/mein-camino.de\/wp-content\/uploads\/2016\/02\/005.jpg\" target=\"_blank\"><img loading=\"lazy\" decoding=\"async\" class=\"aligncenter wp-image-126 size-medium\" src=\"http:\/\/mein-camino.de\/wp-content\/uploads\/2016\/02\/005-300x276.jpg\" alt=\"005\" width=\"300\" height=\"276\" \/><\/a><\/p>\n<p style=\"text-align: center;\"><span style=\"font-family: Lucida Handwriting;\">\u00a0Das ist dann mein st\u00e4ndiger Begleiter<\/span><\/p>\n<p>&nbsp;<\/p>\n<p><span style=\"font-family: Lucida Handwriting;\">Jetzt mal ein bisschen was zu meinem Training, was ich vor meinem Pilgerweg so angegangen bin um gut ger\u00fcstet nach SJPDP zu fahren. Seit der KW04 2010 bin ich mindestens 2 mal im Zeitraum zwischen Montag und Donnerstag am Wandern. Die Strecke betr\u00e4gt ca. 12 km und ich bin immer so ca. 2 Stunden unterwegs. Am Wochenende habe ich auch meist mindestens einen Tag an dem ich an der frischen Luft bin. Aber am 20.02.2010 wollte ich es dann wissen. Ich habe mir meinen Rucksack genommen und bin 36km gewandert. Ich habe mein Ziel nach 6 1\/2 Stunden erreicht und war sehr gl\u00fccklich dar\u00fcber angekommen zu sein. Und das will ich dann ab dem 01.04.2010 jeden Tag machen? Na dann schon mal einen sch\u00f6nen Gru\u00df an meine F\u00fc\u00dfe, die ich nichtgesp\u00fcrt habe. Aber gegen den Wolf zwischen den Beinen muss ich mir noch was einfallen lassen. \ud83d\ude09 Sonntag musste dann leider die geplante 12km Wanderung ausfallen. Na ja, deswegen mache ich das ja um zu sehen wo meine Schw\u00e4chen sind.<br \/>\n<\/span><\/p>\n<p><span style=\"font-family: Lucida Handwriting;\">Habe jetzt mein Garmin GPS bekommen und musste es gleich mal auf meiner \u00dcbungsstrecke eingesetzt. Meinen Trainingsweg k\u00f6nnt ihr <a href=\"http:\/\/www.gpsies.com\/map.do?fileId=tgjhxvmdnoqrmpjn\" target=\"new\">hier<\/a> ansehen.<\/span><\/p>\n<p><span style=\"font-family: Lucida Handwriting;\">So, heute am 28.03.2010 habe ich meine letzte Trainingsrunde hinter mich gebracht. Habe die Zeit genutzt um mir meinen Stein zu besorgen. Ich bin zu einem Taufstein gegangen, der bei uns in der N\u00e4he im Wald steht und habe mir da einen Stein von mitgenommen. Ich per\u00f6nlich finde diese Verbindung zu dem Stein richtig gut und habe ihn aus diesem Grund mitgenommen. Wer gerne wissen m\u00f6chte wo der genau steht, <a href=\"http:\/\/www.gpsies.com\/map.do?fileId=lshyvtxeyqgafhda\" target=\"new\">hier<\/a> der genaue Weg zum Taufstein.<\/span><\/p>\n","protected":false},"excerpt":{"rendered":"<p>Ich bin jetzt dabei ein bisschen zu trainieren, um nicht gleich am ersten Tag eine Pause einlegen zu m\u00fcssen Scheiss Wetter, aber da ich ja im April gehen will, muss ich auch mit solchem Wetter rechnen \u00a0Das ist dann mein st\u00e4ndiger Begleiter &nbsp; Jetzt mal ein bisschen was zu meinem Training, was ich vor meinem &hellip; <a href=\"http:\/\/www.mein-camino.de\/?page_id=124\" class=\"more-link\"><span class=\"screen-reader-text\">Training<\/span> weiterlesen <span class=\"meta-nav\">&rarr;<\/span><\/a><\/p>\n","protected":false},"author":1,"featured_media":0,"parent":9,"menu_order":0,"comment_status":"closed","ping_status":"closed","template":"","meta":{"jetpack_post_was_ever_published":false,"footnotes":""},"aioseo_notices":[],"jetpack_sharing_enabled":true,"jetpack_shortlink":"https:\/\/wp.me\/P7fL4A-20","jetpack-related-posts":[],"_links":{"self":[{"href":"http:\/\/www.mein-camino.de\/index.php?rest_route=\/wp\/v2\/pages\/124"}],"collection":[{"href":"http:\/\/www.mein-camino.de\/index.php?rest_route=\/wp\/v2\/pages"}],"about":[{"href":"http:\/\/www.mein-camino.de\/index.php?rest_route=\/wp\/v2\/types\/page"}],"author":[{"embeddable":true,"href":"http:\/\/www.mein-camino.de\/index.php?rest_route=\/wp\/v2\/users\/1"}],"replies":[{"embeddable":true,"href":"http:\/\/www.mein-camino.de\/index.php?rest_route=%2Fwp%2Fv2%2Fcomments&post=124"}],"version-history":[{"count":0,"href":"http:\/\/www.mein-camino.de\/index.php?rest_route=\/wp\/v2\/pages\/124\/revisions"}],"up":[{"embeddable":true,"href":"http:\/\/www.mein-camino.de\/index.php?rest_route=\/wp\/v2\/pages\/9"}],"wp:attachment":[{"href":"http:\/\/www.mein-camino.de\/index.php?rest_route=%2Fwp%2Fv2%2Fmedia&parent=124"}],"curies":[{"name":"wp","href":"https:\/\/api.w.org\/{rel}","templated":true}]}}