{"id":1161,"date":"2016-07-08T22:42:08","date_gmt":"2016-07-08T22:42:08","guid":{"rendered":"http:\/\/mein-camino.de\/?p=1161"},"modified":"2016-07-10T01:08:49","modified_gmt":"2016-07-10T01:08:49","slug":"at-2016-07","status":"publish","type":"page","link":"http:\/\/www.mein-camino.de\/?page_id=1161","title":{"rendered":"AT 2016 07"},"content":{"rendered":"<p>Heute habe ich mich \u00fcbernommen mit meinen 20,16km. Als ich hier am Zeltplatz angekommen bin h\u00e4tte man mich auch einfach nur in die Ecke stellen k\u00f6nnen. Aber zum Gl\u00fcck gibt es hier keine. <!--more-->Ich bin jetzt seit ca. 3 Stunden hier und habe immer noch keinen Hunger. Man gut das ich f\u00fcr morgen einen NeRo (Near Zero) eingeplant habe. Also werden es morgen 6 Meilen und dann ab in das Budget Inn in Hiawassee. Klamotten waschen, essen auff\u00fcllen und selber essen nicht zu vergessen. Ich glaube morgen gibt es bei mir einen fetten Burger. Internet habe ich dann auch und kann die fehlenden Bilder nach reichen<\/p>\n<p>Was f\u00fcr ein H\u00f6henunterschied. Kein Wunder das ich so platt bin.<\/p>\n<p style=\"text-align: center;\"><a href=\"http:\/\/www.gpsies.com\/map.do?fileId=eyrxbnbionwhevbt\" target=\"_blank\"><img loading=\"lazy\" decoding=\"async\" data-attachment-id=\"1166\" data-permalink=\"http:\/\/www.mein-camino.de\/?attachment_id=1166\" data-orig-file=\"http:\/\/www.mein-camino.de\/wp-content\/uploads\/2016\/07\/Screenshot_2016-07-09-21-05-11.png\" data-orig-size=\"720,1280\" data-comments-opened=\"1\" data-image-meta=\"{&quot;aperture&quot;:&quot;0&quot;,&quot;credit&quot;:&quot;&quot;,&quot;camera&quot;:&quot;&quot;,&quot;caption&quot;:&quot;&quot;,&quot;created_timestamp&quot;:&quot;0&quot;,&quot;copyright&quot;:&quot;&quot;,&quot;focal_length&quot;:&quot;0&quot;,&quot;iso&quot;:&quot;0&quot;,&quot;shutter_speed&quot;:&quot;0&quot;,&quot;title&quot;:&quot;&quot;,&quot;orientation&quot;:&quot;0&quot;}\" data-image-title=\"Screenshot_2016-07-09-21-05-11\" data-image-description=\"\" data-image-caption=\"\" data-medium-file=\"http:\/\/www.mein-camino.de\/wp-content\/uploads\/2016\/07\/Screenshot_2016-07-09-21-05-11-169x300.png\" data-large-file=\"http:\/\/www.mein-camino.de\/wp-content\/uploads\/2016\/07\/Screenshot_2016-07-09-21-05-11-576x1024.png\" class=\"aligncenter wp-image-1166 size-medium\" src=\"http:\/\/mein-camino.de\/wp-content\/uploads\/2016\/07\/Screenshot_2016-07-09-21-05-11-169x300.png\" alt=\"Screenshot_2016-07-09-21-05-11\" width=\"169\" height=\"300\" srcset=\"http:\/\/www.mein-camino.de\/wp-content\/uploads\/2016\/07\/Screenshot_2016-07-09-21-05-11-169x300.png 169w, http:\/\/www.mein-camino.de\/wp-content\/uploads\/2016\/07\/Screenshot_2016-07-09-21-05-11-576x1024.png 576w, http:\/\/www.mein-camino.de\/wp-content\/uploads\/2016\/07\/Screenshot_2016-07-09-21-05-11.png 720w\" sizes=\"(max-width: 169px) 100vw, 169px\" \/><\/a><\/p>\n<p>&nbsp;<\/p>\n<p>&nbsp;<\/p>\n<p>&nbsp;<\/p>\n","protected":false},"excerpt":{"rendered":"<p>Heute habe ich mich \u00fcbernommen mit meinen 20,16km. Als ich hier am Zeltplatz angekommen bin h\u00e4tte man mich auch einfach nur in die Ecke stellen k\u00f6nnen. Aber zum Gl\u00fcck gibt es hier keine.<\/p>\n","protected":false},"author":1,"featured_media":0,"parent":0,"menu_order":0,"comment_status":"open","ping_status":"open","template":"","meta":{"jetpack_post_was_ever_published":false,"footnotes":""},"aioseo_notices":[],"jetpack_sharing_enabled":true,"jetpack_shortlink":"https:\/\/wp.me\/P7fL4A-iJ","jetpack-related-posts":[],"_links":{"self":[{"href":"http:\/\/www.mein-camino.de\/index.php?rest_route=\/wp\/v2\/pages\/1161"}],"collection":[{"href":"http:\/\/www.mein-camino.de\/index.php?rest_route=\/wp\/v2\/pages"}],"about":[{"href":"http:\/\/www.mein-camino.de\/index.php?rest_route=\/wp\/v2\/types\/page"}],"author":[{"embeddable":true,"href":"http:\/\/www.mein-camino.de\/index.php?rest_route=\/wp\/v2\/users\/1"}],"replies":[{"embeddable":true,"href":"http:\/\/www.mein-camino.de\/index.php?rest_route=%2Fwp%2Fv2%2Fcomments&post=1161"}],"version-history":[{"count":3,"href":"http:\/\/www.mein-camino.de\/index.php?rest_route=\/wp\/v2\/pages\/1161\/revisions"}],"predecessor-version":[{"id":1168,"href":"http:\/\/www.mein-camino.de\/index.php?rest_route=\/wp\/v2\/pages\/1161\/revisions\/1168"}],"wp:attachment":[{"href":"http:\/\/www.mein-camino.de\/index.php?rest_route=%2Fwp%2Fv2%2Fmedia&parent=1161"}],"curies":[{"name":"wp","href":"https:\/\/api.w.org\/{rel}","templated":true}]}}