{"id":1151,"date":"2016-07-06T21:13:48","date_gmt":"2016-07-06T21:13:48","guid":{"rendered":"http:\/\/mein-camino.de\/?p=1151"},"modified":"2016-07-06T21:15:16","modified_gmt":"2016-07-06T21:15:16","slug":"at-2016-05","status":"publish","type":"page","link":"http:\/\/www.mein-camino.de\/?page_id=1151","title":{"rendered":"AT 2016 05"},"content":{"rendered":"<p>Ich habe es mit hilfe von Matts Eltern geschafft, Ich bin wieder auf dem Weg. In den letzten Tagen ging es drunter und dr\u00fcber. Wie soll es weiter gehen. Fliege ich nach Hause, oder erstmal zu Matt? <!--more-->Aber gestern auf einem Probetrip habe ich dann beschlossen das mein Fu\u00df wieder belastet werden kann. Ich habe es heute aber trotzdem erstmal langsam angehen lassen. Ich muss sagen ich h\u00e4tte noch weiter gehen k\u00f6nnen, aber die Vernunft (wo du jetzt auf einmal auch herkommt) hat mich nach 10km anhalten lassen.<\/p>\n<p>Mal schauen wie weit mich morgen dieser Typ &#8222;Vernunft&#8220; Wandern l\u00e4sst.<\/p>\n<p><a href=\"http:\/\/www.gpsies.com\/map.do?fileId=jikgemdrmjyeocqr\" target=\"_blank\"><img loading=\"lazy\" decoding=\"async\" data-attachment-id=\"1152\" data-permalink=\"http:\/\/www.mein-camino.de\/?attachment_id=1152\" data-orig-file=\"http:\/\/www.mein-camino.de\/wp-content\/uploads\/2016\/07\/Screenshot_2016-07-06-17-02-53.png\" data-orig-size=\"720,1280\" data-comments-opened=\"1\" data-image-meta=\"{&quot;aperture&quot;:&quot;0&quot;,&quot;credit&quot;:&quot;&quot;,&quot;camera&quot;:&quot;&quot;,&quot;caption&quot;:&quot;&quot;,&quot;created_timestamp&quot;:&quot;0&quot;,&quot;copyright&quot;:&quot;&quot;,&quot;focal_length&quot;:&quot;0&quot;,&quot;iso&quot;:&quot;0&quot;,&quot;shutter_speed&quot;:&quot;0&quot;,&quot;title&quot;:&quot;&quot;,&quot;orientation&quot;:&quot;0&quot;}\" data-image-title=\"Screenshot_2016-07-06-17-02-53\" data-image-description=\"\" data-image-caption=\"\" data-medium-file=\"http:\/\/www.mein-camino.de\/wp-content\/uploads\/2016\/07\/Screenshot_2016-07-06-17-02-53-169x300.png\" data-large-file=\"http:\/\/www.mein-camino.de\/wp-content\/uploads\/2016\/07\/Screenshot_2016-07-06-17-02-53-576x1024.png\" class=\"aligncenter wp-image-1152 size-medium\" src=\"http:\/\/mein-camino.de\/wp-content\/uploads\/2016\/07\/Screenshot_2016-07-06-17-02-53-169x300.png\" alt=\"Screenshot_2016-07-06-17-02-53\" width=\"169\" height=\"300\" srcset=\"http:\/\/www.mein-camino.de\/wp-content\/uploads\/2016\/07\/Screenshot_2016-07-06-17-02-53-169x300.png 169w, http:\/\/www.mein-camino.de\/wp-content\/uploads\/2016\/07\/Screenshot_2016-07-06-17-02-53-576x1024.png 576w, http:\/\/www.mein-camino.de\/wp-content\/uploads\/2016\/07\/Screenshot_2016-07-06-17-02-53.png 720w\" sizes=\"(max-width: 169px) 100vw, 169px\" \/><\/a><\/p>\n","protected":false},"excerpt":{"rendered":"<p>Ich habe es mit hilfe von Matts Eltern geschafft, Ich bin wieder auf dem Weg. In den letzten Tagen ging es drunter und dr\u00fcber. Wie soll es weiter gehen. Fliege ich nach Hause, oder erstmal zu Matt?<\/p>\n","protected":false},"author":1,"featured_media":0,"parent":0,"menu_order":0,"comment_status":"open","ping_status":"open","template":"","meta":{"jetpack_post_was_ever_published":false,"footnotes":""},"aioseo_notices":[],"jetpack_sharing_enabled":true,"jetpack_shortlink":"https:\/\/wp.me\/P7fL4A-iz","jetpack-related-posts":[],"_links":{"self":[{"href":"http:\/\/www.mein-camino.de\/index.php?rest_route=\/wp\/v2\/pages\/1151"}],"collection":[{"href":"http:\/\/www.mein-camino.de\/index.php?rest_route=\/wp\/v2\/pages"}],"about":[{"href":"http:\/\/www.mein-camino.de\/index.php?rest_route=\/wp\/v2\/types\/page"}],"author":[{"embeddable":true,"href":"http:\/\/www.mein-camino.de\/index.php?rest_route=\/wp\/v2\/users\/1"}],"replies":[{"embeddable":true,"href":"http:\/\/www.mein-camino.de\/index.php?rest_route=%2Fwp%2Fv2%2Fcomments&post=1151"}],"version-history":[{"count":3,"href":"http:\/\/www.mein-camino.de\/index.php?rest_route=\/wp\/v2\/pages\/1151\/revisions"}],"predecessor-version":[{"id":1155,"href":"http:\/\/www.mein-camino.de\/index.php?rest_route=\/wp\/v2\/pages\/1151\/revisions\/1155"}],"wp:attachment":[{"href":"http:\/\/www.mein-camino.de\/index.php?rest_route=%2Fwp%2Fv2%2Fmedia&parent=1151"}],"curies":[{"name":"wp","href":"https:\/\/api.w.org\/{rel}","templated":true}]}}