{"id":1135,"date":"2016-07-02T04:04:25","date_gmt":"2016-07-02T04:04:25","guid":{"rendered":"http:\/\/mein-camino.de\/?p=1135"},"modified":"2016-07-02T04:12:20","modified_gmt":"2016-07-02T04:12:20","slug":"at-2016-04","status":"publish","type":"page","link":"http:\/\/www.mein-camino.de\/?page_id=1135","title":{"rendered":"AT 2016 04"},"content":{"rendered":"<p>Schlechte Neuigkeiten und das schon am 4. Tag.<!--more-->Heute hat der Blood Mountain mich auf die Knie gezwungen. Als wir kurz nach Kilometer 11 den Abstieg antreten wollten habe ich ein Loch in der Steinplatte \u00fcbersehen und lag dann da f\u00fcr ca. 5 Minuten wie ein Maik\u00e4fer auf dem R\u00fccken und konnte meinen rechten Fu\u00df nicht mehr bewegen. Ich bin kein Wanderer der Wanderst\u00f6ck nutzt, aber als ich hier einkaufen war habe ich mir wekche zugelegt und das war mein Gl\u00fcck. Ohne h\u00e4tte ich da wohl \u00fcbernachten m\u00fcssen. So habe ich mich dann im warten Sinne des Wortes zu Neels Gap geschleppt. Jetzt sitze ich hier bei den Eltern vom Kumpel und hoffe das die Schwellung und der Schmerz in den kommenden Tagen verschwinden. Ich w\u00fcrde ungerne nach dem 4. Tag aufgeben m\u00fcssen. &#x1f622;<\/p>\n<p><a href=\"http:\/\/www.gpsies.com\/map.do?fileId=lrpnddbqxncunlbn\"><img loading=\"lazy\" decoding=\"async\" data-attachment-id=\"1136\" data-permalink=\"http:\/\/www.mein-camino.de\/?attachment_id=1136\" data-orig-file=\"http:\/\/www.mein-camino.de\/wp-content\/uploads\/2016\/07\/Screenshot_2016-07-01-23-38-07.png\" data-orig-size=\"720,1280\" data-comments-opened=\"1\" data-image-meta=\"{&quot;aperture&quot;:&quot;0&quot;,&quot;credit&quot;:&quot;&quot;,&quot;camera&quot;:&quot;&quot;,&quot;caption&quot;:&quot;&quot;,&quot;created_timestamp&quot;:&quot;0&quot;,&quot;copyright&quot;:&quot;&quot;,&quot;focal_length&quot;:&quot;0&quot;,&quot;iso&quot;:&quot;0&quot;,&quot;shutter_speed&quot;:&quot;0&quot;,&quot;title&quot;:&quot;&quot;,&quot;orientation&quot;:&quot;0&quot;}\" data-image-title=\"Screenshot_2016-07-01-23-38-07\" data-image-description=\"\" data-image-caption=\"\" data-medium-file=\"http:\/\/www.mein-camino.de\/wp-content\/uploads\/2016\/07\/Screenshot_2016-07-01-23-38-07-169x300.png\" data-large-file=\"http:\/\/www.mein-camino.de\/wp-content\/uploads\/2016\/07\/Screenshot_2016-07-01-23-38-07-576x1024.png\" class=\"aligncenter size-medium wp-image-1136\" src=\"http:\/\/mein-camino.de\/wp-content\/uploads\/2016\/07\/Screenshot_2016-07-01-23-38-07-169x300.png\" alt=\"Screenshot_2016-07-01-23-38-07\" width=\"169\" height=\"300\" srcset=\"http:\/\/www.mein-camino.de\/wp-content\/uploads\/2016\/07\/Screenshot_2016-07-01-23-38-07-169x300.png 169w, http:\/\/www.mein-camino.de\/wp-content\/uploads\/2016\/07\/Screenshot_2016-07-01-23-38-07-576x1024.png 576w, http:\/\/www.mein-camino.de\/wp-content\/uploads\/2016\/07\/Screenshot_2016-07-01-23-38-07.png 720w\" sizes=\"(max-width: 169px) 100vw, 169px\" \/><\/a><a href=\"http:\/\/mein-camino.de\/wp-content\/uploads\/2016\/07\/IMG-20160701-WA0003-1.jpg\" target=\"_blank\"><img loading=\"lazy\" decoding=\"async\" data-attachment-id=\"1138\" data-permalink=\"http:\/\/www.mein-camino.de\/?attachment_id=1138\" data-orig-file=\"http:\/\/www.mein-camino.de\/wp-content\/uploads\/2016\/07\/IMG-20160701-WA0003-1.jpg\" data-orig-size=\"4160,2336\" data-comments-opened=\"1\" data-image-meta=\"{&quot;aperture&quot;:&quot;2&quot;,&quot;credit&quot;:&quot;&quot;,&quot;camera&quot;:&quot;HUAWEI P7-L10&quot;,&quot;caption&quot;:&quot;&quot;,&quot;created_timestamp&quot;:&quot;1467389558&quot;,&quot;copyright&quot;:&quot;&quot;,&quot;focal_length&quot;:&quot;3.79&quot;,&quot;iso&quot;:&quot;86&quot;,&quot;shutter_speed&quot;:&quot;0.01&quot;,&quot;title&quot;:&quot;&quot;,&quot;orientation&quot;:&quot;1&quot;}\" data-image-title=\"IMG-20160701-WA0003\" data-image-description=\"\" data-image-caption=\"\" data-medium-file=\"http:\/\/www.mein-camino.de\/wp-content\/uploads\/2016\/07\/IMG-20160701-WA0003-1-300x168.jpg\" data-large-file=\"http:\/\/www.mein-camino.de\/wp-content\/uploads\/2016\/07\/IMG-20160701-WA0003-1-1024x575.jpg\" class=\"aligncenter wp-image-1138 size-medium\" src=\"http:\/\/mein-camino.de\/wp-content\/uploads\/2016\/07\/IMG-20160701-WA0003-1-300x168.jpg\" alt=\"IMG-20160701-WA0003\" width=\"300\" height=\"168\" srcset=\"http:\/\/www.mein-camino.de\/wp-content\/uploads\/2016\/07\/IMG-20160701-WA0003-1-300x168.jpg 300w, http:\/\/www.mein-camino.de\/wp-content\/uploads\/2016\/07\/IMG-20160701-WA0003-1-768x431.jpg 768w, http:\/\/www.mein-camino.de\/wp-content\/uploads\/2016\/07\/IMG-20160701-WA0003-1-1024x575.jpg 1024w\" sizes=\"(max-width: 300px) 100vw, 300px\" \/><\/a><\/p>\n<p>&nbsp;<\/p>\n","protected":false},"excerpt":{"rendered":"<p>Schlechte Neuigkeiten und das schon am 4. Tag.<\/p>\n","protected":false},"author":1,"featured_media":0,"parent":0,"menu_order":0,"comment_status":"open","ping_status":"open","template":"","meta":{"jetpack_post_was_ever_published":false,"footnotes":""},"aioseo_notices":[],"jetpack_sharing_enabled":true,"jetpack_shortlink":"https:\/\/wp.me\/P7fL4A-ij","jetpack-related-posts":[],"_links":{"self":[{"href":"http:\/\/www.mein-camino.de\/index.php?rest_route=\/wp\/v2\/pages\/1135"}],"collection":[{"href":"http:\/\/www.mein-camino.de\/index.php?rest_route=\/wp\/v2\/pages"}],"about":[{"href":"http:\/\/www.mein-camino.de\/index.php?rest_route=\/wp\/v2\/types\/page"}],"author":[{"embeddable":true,"href":"http:\/\/www.mein-camino.de\/index.php?rest_route=\/wp\/v2\/users\/1"}],"replies":[{"embeddable":true,"href":"http:\/\/www.mein-camino.de\/index.php?rest_route=%2Fwp%2Fv2%2Fcomments&post=1135"}],"version-history":[{"count":5,"href":"http:\/\/www.mein-camino.de\/index.php?rest_route=\/wp\/v2\/pages\/1135\/revisions"}],"predecessor-version":[{"id":1143,"href":"http:\/\/www.mein-camino.de\/index.php?rest_route=\/wp\/v2\/pages\/1135\/revisions\/1143"}],"wp:attachment":[{"href":"http:\/\/www.mein-camino.de\/index.php?rest_route=%2Fwp%2Fv2%2Fmedia&parent=1135"}],"curies":[{"name":"wp","href":"https:\/\/api.w.org\/{rel}","templated":true}]}}