{"id":1127,"date":"2016-06-29T21:12:39","date_gmt":"2016-06-29T21:12:39","guid":{"rendered":"http:\/\/mein-camino.de\/?p=1127"},"modified":"2016-06-29T22:28:04","modified_gmt":"2016-06-29T22:28:04","slug":"at-2016-02","status":"publish","type":"page","link":"http:\/\/www.mein-camino.de\/?page_id=1127","title":{"rendered":"AT 2016 02"},"content":{"rendered":"<p>Zweiter Tag auf dem AT und wir werden von den M\u00fccken und Moskitos zerstochen.<!--more-->Der Vormittag war richtig angenehm zu wandern. Meistens nur Bergab und das an einem Bach. Echt angenehm. Halbzeit haben wir dann an einem kleinen Wasserfall gemacht. Das Wasser dort ist sch\u00f6n frisch, vor allem bei den Temperaturen. Da wir hier bei Horse Gap campen mussten wir unser Wasser f\u00fcr heute Abend und morgen fr\u00fch schon 4 km vorher aus dem Bach holen und alles \u00fcber den heftigen Berg schleppen. Aber alle haben es \u00fcberlebt. \ud83d\ude09<\/p>\n<p><a href=\"http:\/\/www.gpsies.com\/map.do?fileId=ovbatlrwdzlanbbq\"><img loading=\"lazy\" decoding=\"async\" data-attachment-id=\"1128\" data-permalink=\"http:\/\/www.mein-camino.de\/?attachment_id=1128\" data-orig-file=\"http:\/\/www.mein-camino.de\/wp-content\/uploads\/2016\/06\/Screenshot_2016-06-29-17-10-54.png\" data-orig-size=\"720,1280\" data-comments-opened=\"1\" data-image-meta=\"{&quot;aperture&quot;:&quot;0&quot;,&quot;credit&quot;:&quot;&quot;,&quot;camera&quot;:&quot;&quot;,&quot;caption&quot;:&quot;&quot;,&quot;created_timestamp&quot;:&quot;0&quot;,&quot;copyright&quot;:&quot;&quot;,&quot;focal_length&quot;:&quot;0&quot;,&quot;iso&quot;:&quot;0&quot;,&quot;shutter_speed&quot;:&quot;0&quot;,&quot;title&quot;:&quot;&quot;,&quot;orientation&quot;:&quot;0&quot;}\" data-image-title=\"Screenshot_2016-06-29-17-10-54\" data-image-description=\"\" data-image-caption=\"\" data-medium-file=\"http:\/\/www.mein-camino.de\/wp-content\/uploads\/2016\/06\/Screenshot_2016-06-29-17-10-54-169x300.png\" data-large-file=\"http:\/\/www.mein-camino.de\/wp-content\/uploads\/2016\/06\/Screenshot_2016-06-29-17-10-54-576x1024.png\" class=\"aligncenter size-medium wp-image-1128\" src=\"http:\/\/mein-camino.de\/wp-content\/uploads\/2016\/06\/Screenshot_2016-06-29-17-10-54-169x300.png\" alt=\"Screenshot_2016-06-29-17-10-54\" width=\"169\" height=\"300\" srcset=\"http:\/\/www.mein-camino.de\/wp-content\/uploads\/2016\/06\/Screenshot_2016-06-29-17-10-54-169x300.png 169w, http:\/\/www.mein-camino.de\/wp-content\/uploads\/2016\/06\/Screenshot_2016-06-29-17-10-54-576x1024.png 576w, http:\/\/www.mein-camino.de\/wp-content\/uploads\/2016\/06\/Screenshot_2016-06-29-17-10-54.png 720w\" sizes=\"(max-width: 169px) 100vw, 169px\" \/><\/a>Fotos k\u00f6nnt ihr hier sehen.<\/p>\n<p>http:\/\/www.panoramio.com\/user\/183092\/tags\/Appalachian%20Trail<\/p>\n","protected":false},"excerpt":{"rendered":"<p>Zweiter Tag auf dem AT und wir werden von den M\u00fccken und Moskitos zerstochen.<\/p>\n","protected":false},"author":1,"featured_media":0,"parent":0,"menu_order":0,"comment_status":"open","ping_status":"open","template":"","meta":{"jetpack_post_was_ever_published":false,"footnotes":""},"aioseo_notices":[],"jetpack_sharing_enabled":true,"jetpack_shortlink":"https:\/\/wp.me\/P7fL4A-ib","jetpack-related-posts":[],"_links":{"self":[{"href":"http:\/\/www.mein-camino.de\/index.php?rest_route=\/wp\/v2\/pages\/1127"}],"collection":[{"href":"http:\/\/www.mein-camino.de\/index.php?rest_route=\/wp\/v2\/pages"}],"about":[{"href":"http:\/\/www.mein-camino.de\/index.php?rest_route=\/wp\/v2\/types\/page"}],"author":[{"embeddable":true,"href":"http:\/\/www.mein-camino.de\/index.php?rest_route=\/wp\/v2\/users\/1"}],"replies":[{"embeddable":true,"href":"http:\/\/www.mein-camino.de\/index.php?rest_route=%2Fwp%2Fv2%2Fcomments&post=1127"}],"version-history":[{"count":3,"href":"http:\/\/www.mein-camino.de\/index.php?rest_route=\/wp\/v2\/pages\/1127\/revisions"}],"predecessor-version":[{"id":1131,"href":"http:\/\/www.mein-camino.de\/index.php?rest_route=\/wp\/v2\/pages\/1127\/revisions\/1131"}],"wp:attachment":[{"href":"http:\/\/www.mein-camino.de\/index.php?rest_route=%2Fwp%2Fv2%2Fmedia&parent=1127"}],"curies":[{"name":"wp","href":"https:\/\/api.w.org\/{rel}","templated":true}]}}