{"id":1112,"date":"2016-06-15T18:55:18","date_gmt":"2016-06-15T18:55:18","guid":{"rendered":"http:\/\/mein-camino.de\/?page_id=1112"},"modified":"2016-06-15T19:03:49","modified_gmt":"2016-06-15T19:03:49","slug":"appalachian-trail-vorbereitung","status":"publish","type":"page","link":"http:\/\/www.mein-camino.de\/?page_id=1112","title":{"rendered":"Appalachian Trail Vorbereitung"},"content":{"rendered":"<p>Ich habe einige Testl\u00e4ufe gemacht um mir sicher zu sein das auch alles so funktioniert wie ich es mir vorgestellt habe.<\/p>\n<p>Teilweise ging nicht alles so wie ich es wollte, aber zum Gl\u00fcck hatte ich daf\u00fcr ja diese Testtage geplant. Jetzt sollte ich f\u00fcr den langen Weg ger\u00fcstet sein und am 26.06.2016 in die USA fliegen.<\/p>\n","protected":false},"excerpt":{"rendered":"<p>Ich habe einige Testl\u00e4ufe gemacht um mir sicher zu sein das auch alles so funktioniert wie ich es mir vorgestellt habe. Teilweise ging nicht alles so wie ich es wollte, aber zum Gl\u00fcck hatte ich daf\u00fcr ja diese Testtage geplant. Jetzt sollte ich f\u00fcr den langen Weg ger\u00fcstet sein und am 26.06.2016 in die USA &hellip; <a href=\"http:\/\/www.mein-camino.de\/?page_id=1112\" class=\"more-link\"><span class=\"screen-reader-text\">Appalachian Trail Vorbereitung<\/span> weiterlesen <span class=\"meta-nav\">&rarr;<\/span><\/a><\/p>\n","protected":false},"author":1,"featured_media":0,"parent":0,"menu_order":0,"comment_status":"closed","ping_status":"closed","template":"","meta":{"jetpack_post_was_ever_published":false,"footnotes":""},"aioseo_notices":[],"jetpack_sharing_enabled":true,"jetpack_shortlink":"https:\/\/wp.me\/P7fL4A-hW","jetpack-related-posts":[],"_links":{"self":[{"href":"http:\/\/www.mein-camino.de\/index.php?rest_route=\/wp\/v2\/pages\/1112"}],"collection":[{"href":"http:\/\/www.mein-camino.de\/index.php?rest_route=\/wp\/v2\/pages"}],"about":[{"href":"http:\/\/www.mein-camino.de\/index.php?rest_route=\/wp\/v2\/types\/page"}],"author":[{"embeddable":true,"href":"http:\/\/www.mein-camino.de\/index.php?rest_route=\/wp\/v2\/users\/1"}],"replies":[{"embeddable":true,"href":"http:\/\/www.mein-camino.de\/index.php?rest_route=%2Fwp%2Fv2%2Fcomments&post=1112"}],"version-history":[{"count":2,"href":"http:\/\/www.mein-camino.de\/index.php?rest_route=\/wp\/v2\/pages\/1112\/revisions"}],"predecessor-version":[{"id":1118,"href":"http:\/\/www.mein-camino.de\/index.php?rest_route=\/wp\/v2\/pages\/1112\/revisions\/1118"}],"wp:attachment":[{"href":"http:\/\/www.mein-camino.de\/index.php?rest_route=%2Fwp%2Fv2%2Fmedia&parent=1112"}],"curies":[{"name":"wp","href":"https:\/\/api.w.org\/{rel}","templated":true}]}}